{"id":51,"date":"2026-03-12T22:37:38","date_gmt":"2026-03-12T22:37:38","guid":{"rendered":"https:\/\/arturfranco.com\/?page_id=51"},"modified":"2026-03-12T22:47:39","modified_gmt":"2026-03-12T22:47:39","slug":"area-de-clientes","status":"publish","type":"page","link":"https:\/\/arturfranco.com\/index.php\/area-de-clientes\/","title":{"rendered":"\u00c1rea de Clientes"},"content":{"rendered":"\n<div class=\"wp-block-buttons is-layout-flex wp-block-buttons-is-layout-flex\">\n<div class=\"wp-block-button is-style-fill\"><a class=\"wp-block-button__link wp-element-button\" href=\"https:\/\/www.vevidental.com\/arturfrancolda\">VeviDental Artur Franco LDA<\/a><\/div>\n<\/div>\n\n\n\n<p><\/p>\n","protected":false},"excerpt":{"rendered":"","protected":false},"author":1,"featured_media":0,"parent":0,"menu_order":0,"comment_status":"closed","ping_status":"closed","template":"","meta":{"footnotes":""},"class_list":["post-51","page","type-page","status-publish","hentry"],"yoast_head":"<!-- This site is optimized with the Yoast SEO plugin v27.1.1 - https:\/\/yoast.com\/product\/yoast-seo-wordpress\/ -->\n<title>\u00c1rea de Clientes - Artur Franco<\/title>\n<meta name=\"robots\" content=\"index, follow, max-snippet:-1, max-image-preview:large, max-video-preview:-1\" \/>\n<link rel=\"canonical\" href=\"https:\/\/arturfranco.com\/index.php\/area-de-clientes\/\" \/>\n<meta property=\"og:locale\" content=\"pt_PT\" \/>\n<meta property=\"og:type\" content=\"article\" \/>\n<meta property=\"og:title\" content=\"\u00c1rea de Clientes - Artur Franco\" \/>\n<meta property=\"og:url\" content=\"https:\/\/arturfranco.com\/index.php\/area-de-clientes\/\" \/>\n<meta property=\"og:site_name\" content=\"Artur Franco\" \/>\n<meta property=\"article:modified_time\" content=\"2026-03-12T22:47:39+00:00\" \/>\n<meta name=\"twitter:card\" content=\"summary_large_image\" \/>\n<meta name=\"twitter:label1\" content=\"Tempo estimado de leitura\" \/>\n\t<meta name=\"twitter:data1\" content=\"1 minuto\" \/>\n<script type=\"application\/ld+json\" class=\"yoast-schema-graph\">{\"@context\":\"https:\/\/schema.org\",\"@graph\":[{\"@type\":\"WebPage\",\"@id\":\"https:\/\/arturfranco.com\/index.php\/area-de-clientes\/\",\"url\":\"https:\/\/arturfranco.com\/index.php\/area-de-clientes\/\",\"name\":\"\u00c1rea de Clientes - Artur Franco\",\"isPartOf\":{\"@id\":\"https:\/\/arturfranco.com\/#website\"},\"datePublished\":\"2026-03-12T22:37:38+00:00\",\"dateModified\":\"2026-03-12T22:47:39+00:00\",\"breadcrumb\":{\"@id\":\"https:\/\/arturfranco.com\/index.php\/area-de-clientes\/#breadcrumb\"},\"inLanguage\":\"pt-PT\",\"potentialAction\":[{\"@type\":\"ReadAction\",\"target\":[\"https:\/\/arturfranco.com\/index.php\/area-de-clientes\/\"]}]},{\"@type\":\"BreadcrumbList\",\"@id\":\"https:\/\/arturfranco.com\/index.php\/area-de-clientes\/#breadcrumb\",\"itemListElement\":[{\"@type\":\"ListItem\",\"position\":1,\"name\":\"In\u00edcio\",\"item\":\"https:\/\/arturfranco.com\/\"},{\"@type\":\"ListItem\",\"position\":2,\"name\":\"\u00c1rea de Clientes\"}]},{\"@type\":\"WebSite\",\"@id\":\"https:\/\/arturfranco.com\/#website\",\"url\":\"https:\/\/arturfranco.com\/\",\"name\":\"Artur Franco\",\"description\":\"Laborat\u00f3rio de pr\u00f3tese dent\u00e1ria\",\"potentialAction\":[{\"@type\":\"SearchAction\",\"target\":{\"@type\":\"EntryPoint\",\"urlTemplate\":\"https:\/\/arturfranco.com\/?s={search_term_string}\"},\"query-input\":{\"@type\":\"PropertyValueSpecification\",\"valueRequired\":true,\"valueName\":\"search_term_string\"}}],\"inLanguage\":\"pt-PT\"}]}<\/script>\n<!-- \/ Yoast SEO plugin. -->","yoast_head_json":{"title":"\u00c1rea de Clientes - Artur Franco","robots":{"index":"index","follow":"follow","max-snippet":"max-snippet:-1","max-image-preview":"max-image-preview:large","max-video-preview":"max-video-preview:-1"},"canonical":"https:\/\/arturfranco.com\/index.php\/area-de-clientes\/","og_locale":"pt_PT","og_type":"article","og_title":"\u00c1rea de Clientes - Artur Franco","og_url":"https:\/\/arturfranco.com\/index.php\/area-de-clientes\/","og_site_name":"Artur Franco","article_modified_time":"2026-03-12T22:47:39+00:00","twitter_card":"summary_large_image","twitter_misc":{"Tempo estimado de leitura":"1 minuto"},"schema":{"@context":"https:\/\/schema.org","@graph":[{"@type":"WebPage","@id":"https:\/\/arturfranco.com\/index.php\/area-de-clientes\/","url":"https:\/\/arturfranco.com\/index.php\/area-de-clientes\/","name":"\u00c1rea de Clientes - Artur Franco","isPartOf":{"@id":"https:\/\/arturfranco.com\/#website"},"datePublished":"2026-03-12T22:37:38+00:00","dateModified":"2026-03-12T22:47:39+00:00","breadcrumb":{"@id":"https:\/\/arturfranco.com\/index.php\/area-de-clientes\/#breadcrumb"},"inLanguage":"pt-PT","potentialAction":[{"@type":"ReadAction","target":["https:\/\/arturfranco.com\/index.php\/area-de-clientes\/"]}]},{"@type":"BreadcrumbList","@id":"https:\/\/arturfranco.com\/index.php\/area-de-clientes\/#breadcrumb","itemListElement":[{"@type":"ListItem","position":1,"name":"In\u00edcio","item":"https:\/\/arturfranco.com\/"},{"@type":"ListItem","position":2,"name":"\u00c1rea de Clientes"}]},{"@type":"WebSite","@id":"https:\/\/arturfranco.com\/#website","url":"https:\/\/arturfranco.com\/","name":"Artur Franco","description":"Laborat\u00f3rio de pr\u00f3tese dent\u00e1ria","potentialAction":[{"@type":"SearchAction","target":{"@type":"EntryPoint","urlTemplate":"https:\/\/arturfranco.com\/?s={search_term_string}"},"query-input":{"@type":"PropertyValueSpecification","valueRequired":true,"valueName":"search_term_string"}}],"inLanguage":"pt-PT"}]}},"_links":{"self":[{"href":"https:\/\/arturfranco.com\/index.php\/wp-json\/wp\/v2\/pages\/51","targetHints":{"allow":["GET"]}}],"collection":[{"href":"https:\/\/arturfranco.com\/index.php\/wp-json\/wp\/v2\/pages"}],"about":[{"href":"https:\/\/arturfranco.com\/index.php\/wp-json\/wp\/v2\/types\/page"}],"author":[{"embeddable":true,"href":"https:\/\/arturfranco.com\/index.php\/wp-json\/wp\/v2\/users\/1"}],"replies":[{"embeddable":true,"href":"https:\/\/arturfranco.com\/index.php\/wp-json\/wp\/v2\/comments?post=51"}],"version-history":[{"count":2,"href":"https:\/\/arturfranco.com\/index.php\/wp-json\/wp\/v2\/pages\/51\/revisions"}],"predecessor-version":[{"id":57,"href":"https:\/\/arturfranco.com\/index.php\/wp-json\/wp\/v2\/pages\/51\/revisions\/57"}],"wp:attachment":[{"href":"https:\/\/arturfranco.com\/index.php\/wp-json\/wp\/v2\/media?parent=51"}],"curies":[{"name":"wp","href":"https:\/\/api.w.org\/{rel}","templated":true}]}}