{"id":11,"date":"2025-07-22T16:09:37","date_gmt":"2025-07-22T16:09:37","guid":{"rendered":"https:\/\/arturfranco.com\/?page_id=11"},"modified":"2026-03-12T23:06:24","modified_gmt":"2026-03-12T23:06:24","slug":"inicio","status":"publish","type":"page","link":"https:\/\/arturfranco.com\/","title":{"rendered":"In\u00edcio"},"content":{"rendered":"<div class=\"wp-block-image\">\n<figure class=\"alignright size-large is-resized\"><img loading=\"lazy\" decoding=\"async\" width=\"683\" height=\"1024\" src=\"https:\/\/arturfranco.com\/wp-content\/uploads\/2026\/03\/ChatGPT-Image-1_03_2026-17_06_55-683x1024.png\" alt=\"\" class=\"wp-image-58\" style=\"aspect-ratio:0.6669965363681346;width:230px;height:auto\" srcset=\"https:\/\/arturfranco.com\/wp-content\/uploads\/2026\/03\/ChatGPT-Image-1_03_2026-17_06_55-683x1024.png 683w, https:\/\/arturfranco.com\/wp-content\/uploads\/2026\/03\/ChatGPT-Image-1_03_2026-17_06_55-200x300.png 200w, https:\/\/arturfranco.com\/wp-content\/uploads\/2026\/03\/ChatGPT-Image-1_03_2026-17_06_55-768x1152.png 768w, https:\/\/arturfranco.com\/wp-content\/uploads\/2026\/03\/ChatGPT-Image-1_03_2026-17_06_55.png 1024w\" sizes=\"auto, (max-width: 683px) 100vw, 683px\" \/><\/figure>\n<\/div>\n\n\n<p>Meu nome \u00e9 Ana Franco e lidero a Artur Franco, Lda, um laborat\u00f3rio de pr\u00f3tese dent\u00e1ria com 20 anos de experi\u00eancia, assente no rigor t\u00e9cnico, na consist\u00eancia dos resultados e no compromisso com a qualidade em cada trabalho. Acredito numa colabora\u00e7\u00e3o pr\u00f3xima e transparente com as cl\u00ednicas, garantindo um acompanhamento cuidadoso, cumprimento de prazos e um acabamento final \u00e0 altura das exig\u00eancias cl\u00ednicas e est\u00e9ticas.<\/p>\n\n\n\n<p>Embora a nossa paix\u00e3o inicial e a nossa base de trabalho tenham sido a pr\u00f3tese fixa, h\u00e1 j\u00e1 alguns anos decidimos abra\u00e7ar de forma dedicada a \u00e1rea da pr\u00f3tese remov\u00edvel.<\/p>\n\n\n\n<p>Esta decis\u00e3o surgiu da necessidade que fomos identificando por parte das cl\u00ednicas de ter acesso a pr\u00f3teses remov\u00edveis desenvolvidas com o mesmo n\u00edvel de qualidade, rigor t\u00e9cnico e aten\u00e7\u00e3o ao detalhe tradicionalmente associados \u00e0 pr\u00f3tese fixa. Dessa forma, a nossa principal \u00e1rea de especializa\u00e7\u00e3o \u00e9 hoje a pr\u00f3tese remov\u00edvel, onde procuramos desenvolver solu\u00e7\u00f5es funcionais, confort\u00e1veis e esteticamente equilibradas, sempre orientadas para a previsibilidade e satisfa\u00e7\u00e3o do paciente.<\/p>\n\n\n\n<p><\/p>\n","protected":false},"excerpt":{"rendered":"<p>Meu nome \u00e9 Ana Franco e lidero a Artur Franco, Lda, um laborat\u00f3rio de pr\u00f3tese dent\u00e1ria com 20 anos de experi\u00eancia, assente no rigor t\u00e9cnico, na consist\u00eancia dos resultados e no compromisso com a qualidade em cada trabalho. Acredito numa colabora\u00e7\u00e3o pr\u00f3xima e transparente com as cl\u00ednicas, garantindo um acompanhamento cuidadoso, cumprimento de prazos e &hellip; <\/p>\n<p class=\"link-more\"><a href=\"https:\/\/arturfranco.com\/\" class=\"more-link\">Continuar a ler <span class=\"screen-reader-text\">&#8220;In\u00edcio&#8221;<\/span><\/a><\/p>\n","protected":false},"author":1,"featured_media":0,"parent":0,"menu_order":0,"comment_status":"closed","ping_status":"closed","template":"","meta":{"footnotes":""},"class_list":["post-11","page","type-page","status-publish","hentry"],"yoast_head":"<!-- This site is optimized with the Yoast SEO plugin v27.1.1 - https:\/\/yoast.com\/product\/yoast-seo-wordpress\/ -->\n<title>In\u00edcio - Artur Franco<\/title>\n<meta name=\"robots\" content=\"index, follow, max-snippet:-1, max-image-preview:large, max-video-preview:-1\" \/>\n<link rel=\"canonical\" href=\"https:\/\/arturfranco.com\/\" \/>\n<meta property=\"og:locale\" content=\"pt_PT\" \/>\n<meta property=\"og:type\" content=\"article\" \/>\n<meta property=\"og:title\" content=\"In\u00edcio - Artur Franco\" \/>\n<meta property=\"og:description\" content=\"Meu nome \u00e9 Ana Franco e lidero a Artur Franco, Lda, um laborat\u00f3rio de pr\u00f3tese dent\u00e1ria com 20 anos de experi\u00eancia, assente no rigor t\u00e9cnico, na consist\u00eancia dos resultados e no compromisso com a qualidade em cada trabalho. Acredito numa colabora\u00e7\u00e3o pr\u00f3xima e transparente com as cl\u00ednicas, garantindo um acompanhamento cuidadoso, cumprimento de prazos e &hellip; Continuar a ler &quot;In\u00edcio&quot;\" \/>\n<meta property=\"og:url\" content=\"https:\/\/arturfranco.com\/\" \/>\n<meta property=\"og:site_name\" content=\"Artur Franco\" \/>\n<meta property=\"article:modified_time\" content=\"2026-03-12T23:06:24+00:00\" \/>\n<meta property=\"og:image\" content=\"https:\/\/arturfranco.com\/wp-content\/uploads\/2026\/03\/ChatGPT-Image-1_03_2026-17_06_55.png\" \/>\n\t<meta property=\"og:image:width\" content=\"1024\" \/>\n\t<meta property=\"og:image:height\" content=\"1536\" \/>\n\t<meta property=\"og:image:type\" content=\"image\/png\" \/>\n<meta name=\"twitter:card\" content=\"summary_large_image\" \/>\n<meta name=\"twitter:label1\" content=\"Tempo estimado de leitura\" \/>\n\t<meta name=\"twitter:data1\" content=\"2 minutos\" \/>\n<script type=\"application\/ld+json\" class=\"yoast-schema-graph\">{\"@context\":\"https:\/\/schema.org\",\"@graph\":[{\"@type\":\"WebPage\",\"@id\":\"https:\/\/arturfranco.com\/\",\"url\":\"https:\/\/arturfranco.com\/\",\"name\":\"In\u00edcio - Artur Franco\",\"isPartOf\":{\"@id\":\"https:\/\/arturfranco.com\/#website\"},\"primaryImageOfPage\":{\"@id\":\"https:\/\/arturfranco.com\/#primaryimage\"},\"image\":{\"@id\":\"https:\/\/arturfranco.com\/#primaryimage\"},\"thumbnailUrl\":\"https:\/\/arturfranco.com\/wp-content\/uploads\/2026\/03\/ChatGPT-Image-1_03_2026-17_06_55-683x1024.png\",\"datePublished\":\"2025-07-22T16:09:37+00:00\",\"dateModified\":\"2026-03-12T23:06:24+00:00\",\"breadcrumb\":{\"@id\":\"https:\/\/arturfranco.com\/#breadcrumb\"},\"inLanguage\":\"pt-PT\",\"potentialAction\":[{\"@type\":\"ReadAction\",\"target\":[\"https:\/\/arturfranco.com\/\"]}]},{\"@type\":\"ImageObject\",\"inLanguage\":\"pt-PT\",\"@id\":\"https:\/\/arturfranco.com\/#primaryimage\",\"url\":\"https:\/\/arturfranco.com\/wp-content\/uploads\/2026\/03\/ChatGPT-Image-1_03_2026-17_06_55.png\",\"contentUrl\":\"https:\/\/arturfranco.com\/wp-content\/uploads\/2026\/03\/ChatGPT-Image-1_03_2026-17_06_55.png\",\"width\":1024,\"height\":1536},{\"@type\":\"BreadcrumbList\",\"@id\":\"https:\/\/arturfranco.com\/#breadcrumb\",\"itemListElement\":[{\"@type\":\"ListItem\",\"position\":1,\"name\":\"In\u00edcio\",\"item\":\"https:\/\/arturfranco.com\/\"},{\"@type\":\"ListItem\",\"position\":2,\"name\":\"In\u00edcio\"}]},{\"@type\":\"WebSite\",\"@id\":\"https:\/\/arturfranco.com\/#website\",\"url\":\"https:\/\/arturfranco.com\/\",\"name\":\"Artur Franco\",\"description\":\"Laborat\u00f3rio de pr\u00f3tese dent\u00e1ria\",\"potentialAction\":[{\"@type\":\"SearchAction\",\"target\":{\"@type\":\"EntryPoint\",\"urlTemplate\":\"https:\/\/arturfranco.com\/?s={search_term_string}\"},\"query-input\":{\"@type\":\"PropertyValueSpecification\",\"valueRequired\":true,\"valueName\":\"search_term_string\"}}],\"inLanguage\":\"pt-PT\"}]}<\/script>\n<!-- \/ Yoast SEO plugin. -->","yoast_head_json":{"title":"In\u00edcio - Artur Franco","robots":{"index":"index","follow":"follow","max-snippet":"max-snippet:-1","max-image-preview":"max-image-preview:large","max-video-preview":"max-video-preview:-1"},"canonical":"https:\/\/arturfranco.com\/","og_locale":"pt_PT","og_type":"article","og_title":"In\u00edcio - Artur Franco","og_description":"Meu nome \u00e9 Ana Franco e lidero a Artur Franco, Lda, um laborat\u00f3rio de pr\u00f3tese dent\u00e1ria com 20 anos de experi\u00eancia, assente no rigor t\u00e9cnico, na consist\u00eancia dos resultados e no compromisso com a qualidade em cada trabalho. Acredito numa colabora\u00e7\u00e3o pr\u00f3xima e transparente com as cl\u00ednicas, garantindo um acompanhamento cuidadoso, cumprimento de prazos e &hellip; Continuar a ler \"In\u00edcio\"","og_url":"https:\/\/arturfranco.com\/","og_site_name":"Artur Franco","article_modified_time":"2026-03-12T23:06:24+00:00","og_image":[{"width":1024,"height":1536,"url":"https:\/\/arturfranco.com\/wp-content\/uploads\/2026\/03\/ChatGPT-Image-1_03_2026-17_06_55.png","type":"image\/png"}],"twitter_card":"summary_large_image","twitter_misc":{"Tempo estimado de leitura":"2 minutos"},"schema":{"@context":"https:\/\/schema.org","@graph":[{"@type":"WebPage","@id":"https:\/\/arturfranco.com\/","url":"https:\/\/arturfranco.com\/","name":"In\u00edcio - Artur Franco","isPartOf":{"@id":"https:\/\/arturfranco.com\/#website"},"primaryImageOfPage":{"@id":"https:\/\/arturfranco.com\/#primaryimage"},"image":{"@id":"https:\/\/arturfranco.com\/#primaryimage"},"thumbnailUrl":"https:\/\/arturfranco.com\/wp-content\/uploads\/2026\/03\/ChatGPT-Image-1_03_2026-17_06_55-683x1024.png","datePublished":"2025-07-22T16:09:37+00:00","dateModified":"2026-03-12T23:06:24+00:00","breadcrumb":{"@id":"https:\/\/arturfranco.com\/#breadcrumb"},"inLanguage":"pt-PT","potentialAction":[{"@type":"ReadAction","target":["https:\/\/arturfranco.com\/"]}]},{"@type":"ImageObject","inLanguage":"pt-PT","@id":"https:\/\/arturfranco.com\/#primaryimage","url":"https:\/\/arturfranco.com\/wp-content\/uploads\/2026\/03\/ChatGPT-Image-1_03_2026-17_06_55.png","contentUrl":"https:\/\/arturfranco.com\/wp-content\/uploads\/2026\/03\/ChatGPT-Image-1_03_2026-17_06_55.png","width":1024,"height":1536},{"@type":"BreadcrumbList","@id":"https:\/\/arturfranco.com\/#breadcrumb","itemListElement":[{"@type":"ListItem","position":1,"name":"In\u00edcio","item":"https:\/\/arturfranco.com\/"},{"@type":"ListItem","position":2,"name":"In\u00edcio"}]},{"@type":"WebSite","@id":"https:\/\/arturfranco.com\/#website","url":"https:\/\/arturfranco.com\/","name":"Artur Franco","description":"Laborat\u00f3rio de pr\u00f3tese dent\u00e1ria","potentialAction":[{"@type":"SearchAction","target":{"@type":"EntryPoint","urlTemplate":"https:\/\/arturfranco.com\/?s={search_term_string}"},"query-input":{"@type":"PropertyValueSpecification","valueRequired":true,"valueName":"search_term_string"}}],"inLanguage":"pt-PT"}]}},"_links":{"self":[{"href":"https:\/\/arturfranco.com\/index.php\/wp-json\/wp\/v2\/pages\/11","targetHints":{"allow":["GET"]}}],"collection":[{"href":"https:\/\/arturfranco.com\/index.php\/wp-json\/wp\/v2\/pages"}],"about":[{"href":"https:\/\/arturfranco.com\/index.php\/wp-json\/wp\/v2\/types\/page"}],"author":[{"embeddable":true,"href":"https:\/\/arturfranco.com\/index.php\/wp-json\/wp\/v2\/users\/1"}],"replies":[{"embeddable":true,"href":"https:\/\/arturfranco.com\/index.php\/wp-json\/wp\/v2\/comments?post=11"}],"version-history":[{"count":4,"href":"https:\/\/arturfranco.com\/index.php\/wp-json\/wp\/v2\/pages\/11\/revisions"}],"predecessor-version":[{"id":62,"href":"https:\/\/arturfranco.com\/index.php\/wp-json\/wp\/v2\/pages\/11\/revisions\/62"}],"wp:attachment":[{"href":"https:\/\/arturfranco.com\/index.php\/wp-json\/wp\/v2\/media?parent=11"}],"curies":[{"name":"wp","href":"https:\/\/api.w.org\/{rel}","templated":true}]}}